{"id":939,"date":"2024-09-04T23:25:03","date_gmt":"2024-09-04T23:25:03","guid":{"rendered":"https:\/\/pcsmx.com\/services\/"},"modified":"2024-09-08T09:19:23","modified_gmt":"2024-09-08T09:19:23","slug":"services","status":"publish","type":"page","link":"https:\/\/pcsmx.com\/?page_id=939","title":{"rendered":"Services"},"content":{"rendered":"\t\t<div data-elementor-type=\"wp-page\" data-elementor-id=\"939\" class=\"elementor elementor-939\">\n\t\t\t\t<div class=\"elementor-element elementor-element-0ac9d44 e-flex e-con-boxed wpr-particle-no wpr-jarallax-no wpr-parallax-no wpr-sticky-section-no e-con e-parent\" data-id=\"0ac9d44\" data-element_type=\"container\" data-settings=\"{&quot;background_background&quot;:&quot;classic&quot;}\">\n\t\t\t\t\t<div class=\"e-con-inner\">\n\t\t<div class=\"elementor-element elementor-element-de3bad6 e-con-full e-flex wpr-particle-no wpr-jarallax-no wpr-parallax-no wpr-sticky-section-no e-con e-child\" data-id=\"de3bad6\" data-element_type=\"container\">\n\t\t\t\t<div class=\"elementor-element elementor-element-ad72e4f elementor-widget elementor-widget-heading\" data-id=\"ad72e4f\" data-element_type=\"widget\" data-widget_type=\"heading.default\">\n\t\t\t\t<div class=\"elementor-widget-container\">\n\t\t\t<style>\/*! elementor - v3.23.0 - 05-08-2024 *\/\n.elementor-heading-title{padding:0;margin:0;line-height:1}.elementor-widget-heading .elementor-heading-title[class*=elementor-size-]>a{color:inherit;font-size:inherit;line-height:inherit}.elementor-widget-heading .elementor-heading-title.elementor-size-small{font-size:15px}.elementor-widget-heading .elementor-heading-title.elementor-size-medium{font-size:19px}.elementor-widget-heading .elementor-heading-title.elementor-size-large{font-size:29px}.elementor-widget-heading .elementor-heading-title.elementor-size-xl{font-size:39px}.elementor-widget-heading .elementor-heading-title.elementor-size-xxl{font-size:59px}<\/style><h1 class=\"elementor-heading-title elementor-size-default\">Services<\/h1>\t\t<\/div>\n\t\t\t\t<\/div>\n\t\t\t\t<\/div>\n\t\t\t\t\t<\/div>\n\t\t\t\t<\/div>\n\t\t<div class=\"elementor-element elementor-element-84e5eb4 e-flex e-con-boxed wpr-particle-no wpr-jarallax-no wpr-parallax-no wpr-sticky-section-no e-con e-parent\" data-id=\"84e5eb4\" data-element_type=\"container\" data-settings=\"{&quot;background_background&quot;:&quot;classic&quot;}\">\n\t\t\t\t\t<div class=\"e-con-inner\">\n\t\t<div class=\"elementor-element elementor-element-ebb2f07 e-con-full e-flex wpr-particle-no wpr-jarallax-no wpr-parallax-no wpr-sticky-section-no e-con e-child\" data-id=\"ebb2f07\" data-element_type=\"container\">\n\t\t\t\t<div class=\"elementor-element elementor-element-4dd7fe9 elementor-widget elementor-widget-heading\" data-id=\"4dd7fe9\" data-element_type=\"widget\" data-widget_type=\"heading.default\">\n\t\t\t\t<div class=\"elementor-widget-container\">\n\t\t\t<h2 class=\"elementor-heading-title elementor-size-default\">Nuestros Servicios<\/h2>\t\t<\/div>\n\t\t\t\t<\/div>\n\t\t<div class=\"elementor-element elementor-element-9b2f3c1 e-flex e-con-boxed wpr-particle-no wpr-jarallax-no wpr-parallax-no wpr-sticky-section-no e-con e-child\" data-id=\"9b2f3c1\" data-element_type=\"container\">\n\t\t\t\t\t<div class=\"e-con-inner\">\n\t\t\t\t<div class=\"elementor-element elementor-element-1d70f17 elementor-widget__width-initial elementor-widget-tablet__width-initial elementor-widget-mobile__width-inherit elementor-position-top elementor-widget elementor-widget-image-box\" data-id=\"1d70f17\" data-element_type=\"widget\" data-widget_type=\"image-box.default\">\n\t\t\t\t<div class=\"elementor-widget-container\">\n\t\t\t<style>\/*! elementor - v3.23.0 - 05-08-2024 *\/\n.elementor-widget-image-box .elementor-image-box-content{width:100%}@media (min-width:768px){.elementor-widget-image-box.elementor-position-left .elementor-image-box-wrapper,.elementor-widget-image-box.elementor-position-right .elementor-image-box-wrapper{display:flex}.elementor-widget-image-box.elementor-position-right .elementor-image-box-wrapper{text-align:end;flex-direction:row-reverse}.elementor-widget-image-box.elementor-position-left .elementor-image-box-wrapper{text-align:start;flex-direction:row}.elementor-widget-image-box.elementor-position-top .elementor-image-box-img{margin:auto}.elementor-widget-image-box.elementor-vertical-align-top .elementor-image-box-wrapper{align-items:flex-start}.elementor-widget-image-box.elementor-vertical-align-middle .elementor-image-box-wrapper{align-items:center}.elementor-widget-image-box.elementor-vertical-align-bottom .elementor-image-box-wrapper{align-items:flex-end}}@media (max-width:767px){.elementor-widget-image-box .elementor-image-box-img{margin-left:auto!important;margin-right:auto!important;margin-bottom:15px}}.elementor-widget-image-box .elementor-image-box-img{display:inline-block}.elementor-widget-image-box .elementor-image-box-title a{color:inherit}.elementor-widget-image-box .elementor-image-box-wrapper{text-align:center}.elementor-widget-image-box .elementor-image-box-description{margin:0}<\/style><div class=\"elementor-image-box-wrapper\"><figure class=\"elementor-image-box-img\"><img fetchpriority=\"high\" decoding=\"async\" width=\"1920\" height=\"778\" src=\"https:\/\/pcsmx.com\/wp-content\/uploads\/2024\/09\/28235024798_868772cc1a_o.jpg\" class=\"attachment-full size-full wp-image-1603\" alt=\"\" srcset=\"https:\/\/pcsmx.com\/wp-content\/uploads\/2024\/09\/28235024798_868772cc1a_o.jpg 1920w, https:\/\/pcsmx.com\/wp-content\/uploads\/2024\/09\/28235024798_868772cc1a_o-300x122.jpg 300w, https:\/\/pcsmx.com\/wp-content\/uploads\/2024\/09\/28235024798_868772cc1a_o-1024x415.jpg 1024w, https:\/\/pcsmx.com\/wp-content\/uploads\/2024\/09\/28235024798_868772cc1a_o-768x311.jpg 768w, https:\/\/pcsmx.com\/wp-content\/uploads\/2024\/09\/28235024798_868772cc1a_o-1536x622.jpg 1536w\" sizes=\"(max-width: 1920px) 100vw, 1920px\" \/><\/figure><div class=\"elementor-image-box-content\"><h4 class=\"elementor-image-box-title\">Mantenimiento preventivo y correctivo a SDV<\/h4><p class=\"elementor-image-box-description\">Mediante un plan de\nmantenimiento preventivo,\ndetectamos y corregimos las\nposibles fallas que se puedan\npresentar a una v\u00e1lvula SDV.\nContamos con servicio a las\ndiferentes plataformas\nubicadas dentro de la Sonda\nde Campeche.<\/p><\/div><\/div>\t\t<\/div>\n\t\t\t\t<\/div>\n\t\t\t\t<div class=\"elementor-element elementor-element-bfe6c5d elementor-widget__width-initial elementor-widget-tablet__width-initial elementor-widget-mobile__width-inherit elementor-position-top elementor-widget elementor-widget-image-box\" data-id=\"bfe6c5d\" data-element_type=\"widget\" data-widget_type=\"image-box.default\">\n\t\t\t\t<div class=\"elementor-widget-container\">\n\t\t\t<div class=\"elementor-image-box-wrapper\"><figure class=\"elementor-image-box-img\"><img decoding=\"async\" width=\"1600\" height=\"824\" src=\"https:\/\/pcsmx.com\/wp-content\/uploads\/2024\/09\/Tableros-de-control.png\" class=\"attachment-full size-full wp-image-1604\" alt=\"\" srcset=\"https:\/\/pcsmx.com\/wp-content\/uploads\/2024\/09\/Tableros-de-control.png 1600w, https:\/\/pcsmx.com\/wp-content\/uploads\/2024\/09\/Tableros-de-control-300x155.png 300w, https:\/\/pcsmx.com\/wp-content\/uploads\/2024\/09\/Tableros-de-control-1024x527.png 1024w, https:\/\/pcsmx.com\/wp-content\/uploads\/2024\/09\/Tableros-de-control-768x396.png 768w, https:\/\/pcsmx.com\/wp-content\/uploads\/2024\/09\/Tableros-de-control-1536x791.png 1536w\" sizes=\"(max-width: 1600px) 100vw, 1600px\" \/><\/figure><div class=\"elementor-image-box-content\"><h4 class=\"elementor-image-box-title\">Dise\u00f1o y construcci\u00f3n de tableros de control<\/h4><p class=\"elementor-image-box-description\">Dise\u00f1amos y fabricamos\ntableros de control de\nacuerdo a las necesidades del\ncliente, cumpliendo con las\nespecificaciones indicadas en\nla NRF-204-2012.\nCada tablero es probado y en\nsu caso calibrado para\n\ngarantizar su funcionamien-\nto antes de ser entregado al\n\ncliente.<\/p><\/div><\/div>\t\t<\/div>\n\t\t\t\t<\/div>\n\t\t\t\t<div class=\"elementor-element elementor-element-44180fc elementor-widget__width-initial elementor-widget-tablet__width-initial elementor-widget-mobile__width-inherit elementor-position-top elementor-widget elementor-widget-image-box\" data-id=\"44180fc\" data-element_type=\"widget\" data-widget_type=\"image-box.default\">\n\t\t\t\t<div class=\"elementor-widget-container\">\n\t\t\t<div class=\"elementor-image-box-wrapper\"><figure class=\"elementor-image-box-img\"><img decoding=\"async\" width=\"800\" height=\"533\" src=\"https:\/\/pcsmx.com\/wp-content\/uploads\/2024\/09\/mecanizado-piezas-torno.jpg\" class=\"attachment-full size-full wp-image-1605\" alt=\"\" srcset=\"https:\/\/pcsmx.com\/wp-content\/uploads\/2024\/09\/mecanizado-piezas-torno.jpg 800w, https:\/\/pcsmx.com\/wp-content\/uploads\/2024\/09\/mecanizado-piezas-torno-300x200.jpg 300w, https:\/\/pcsmx.com\/wp-content\/uploads\/2024\/09\/mecanizado-piezas-torno-768x512.jpg 768w\" sizes=\"(max-width: 800px) 100vw, 800px\" \/><\/figure><div class=\"elementor-image-box-content\"><h4 class=\"elementor-image-box-title\">Maquinado de piezas met\u00e1licas<\/h4><p class=\"elementor-image-box-description\">Especializados en la\ntransformaci\u00f3n met\u00e1lica, en el\nensamble y montaje de todo\ntipo de piezas y conjuntos de\ncomponentes indsutriales.\nUna parte importante de la\nproducci\u00f3n se realiza en\nAcero Inoxidable.<\/p><\/div><\/div>\t\t<\/div>\n\t\t\t\t<\/div>\n\t\t\t\t<div class=\"elementor-element elementor-element-3e9d909 elementor-widget elementor-widget-heading\" data-id=\"3e9d909\" data-element_type=\"widget\" data-widget_type=\"heading.default\">\n\t\t\t\t<div class=\"elementor-widget-container\">\n\t\t\t<h6 class=\"elementor-heading-title elementor-size-default\">Otros servicios<\/h6>\t\t<\/div>\n\t\t\t\t<\/div>\n\t\t\t\t\t<\/div>\n\t\t\t\t<\/div>\n\t\t<div class=\"elementor-element elementor-element-c906216 e-con-full e-flex wpr-particle-no wpr-jarallax-no wpr-parallax-no wpr-sticky-section-no e-con e-child\" data-id=\"c906216\" data-element_type=\"container\">\n\t\t\t\t<div class=\"elementor-element elementor-element-df57a37 elementor-widget__width-initial elementor-widget-tablet__width-initial elementor-widget-mobile__width-inherit elementor-position-top elementor-widget elementor-widget-image-box\" data-id=\"df57a37\" data-element_type=\"widget\" data-widget_type=\"image-box.default\">\n\t\t\t\t<div class=\"elementor-widget-container\">\n\t\t\t<div class=\"elementor-image-box-wrapper\"><figure class=\"elementor-image-box-img\"><img loading=\"lazy\" decoding=\"async\" width=\"296\" height=\"170\" src=\"https:\/\/pcsmx.com\/wp-content\/uploads\/2024\/09\/images-1.jpeg\" class=\"attachment-full size-full wp-image-1606\" alt=\"\" \/><\/figure><div class=\"elementor-image-box-content\"><p class=\"elementor-image-box-description\">Instalaciones el\u00e9ctricas\nindustriales, instrumentaci\u00f3n\ny control, mantenimiento a\nsubestaciones.<\/p><\/div><\/div>\t\t<\/div>\n\t\t\t\t<\/div>\n\t\t\t\t<div class=\"elementor-element elementor-element-4157e8a elementor-widget__width-initial elementor-widget-tablet__width-initial elementor-widget-mobile__width-inherit elementor-position-top elementor-widget elementor-widget-image-box\" data-id=\"4157e8a\" data-element_type=\"widget\" data-widget_type=\"image-box.default\">\n\t\t\t\t<div class=\"elementor-widget-container\">\n\t\t\t<div class=\"elementor-image-box-wrapper\"><figure class=\"elementor-image-box-img\"><img loading=\"lazy\" decoding=\"async\" width=\"2560\" height=\"1707\" src=\"https:\/\/pcsmx.com\/wp-content\/uploads\/2024\/09\/shutterstock_460034611-scaled.jpg\" class=\"attachment-full size-full wp-image-1607\" alt=\"\" srcset=\"https:\/\/pcsmx.com\/wp-content\/uploads\/2024\/09\/shutterstock_460034611-scaled.jpg 2560w, https:\/\/pcsmx.com\/wp-content\/uploads\/2024\/09\/shutterstock_460034611-300x200.jpg 300w, https:\/\/pcsmx.com\/wp-content\/uploads\/2024\/09\/shutterstock_460034611-1024x683.jpg 1024w, https:\/\/pcsmx.com\/wp-content\/uploads\/2024\/09\/shutterstock_460034611-768x512.jpg 768w, https:\/\/pcsmx.com\/wp-content\/uploads\/2024\/09\/shutterstock_460034611-1536x1024.jpg 1536w, https:\/\/pcsmx.com\/wp-content\/uploads\/2024\/09\/shutterstock_460034611-2048x1365.jpg 2048w\" sizes=\"(max-width: 2560px) 100vw, 2560px\" \/><\/figure><div class=\"elementor-image-box-content\"><p class=\"elementor-image-box-description\">Servicio de mantenimiento\na actuadores neum\u00e1ticos e\n\nhidr\u00e1ulicos.<\/p><\/div><\/div>\t\t<\/div>\n\t\t\t\t<\/div>\n\t\t\t\t<div class=\"elementor-element elementor-element-165a8f1 elementor-widget__width-initial elementor-widget-tablet__width-initial elementor-widget-mobile__width-inherit elementor-position-top elementor-widget elementor-widget-image-box\" data-id=\"165a8f1\" data-element_type=\"widget\" data-widget_type=\"image-box.default\">\n\t\t\t\t<div class=\"elementor-widget-container\">\n\t\t\t<div class=\"elementor-image-box-wrapper\"><figure class=\"elementor-image-box-img\"><img loading=\"lazy\" decoding=\"async\" width=\"1500\" height=\"1000\" src=\"https:\/\/pcsmx.com\/wp-content\/uploads\/2024\/09\/F-714b_04b_2_1500x1000_0.webp\" class=\"attachment-full size-full wp-image-1608\" alt=\"\" srcset=\"https:\/\/pcsmx.com\/wp-content\/uploads\/2024\/09\/F-714b_04b_2_1500x1000_0.webp 1500w, https:\/\/pcsmx.com\/wp-content\/uploads\/2024\/09\/F-714b_04b_2_1500x1000_0-300x200.webp 300w, https:\/\/pcsmx.com\/wp-content\/uploads\/2024\/09\/F-714b_04b_2_1500x1000_0-1024x683.webp 1024w, https:\/\/pcsmx.com\/wp-content\/uploads\/2024\/09\/F-714b_04b_2_1500x1000_0-768x512.webp 768w\" sizes=\"(max-width: 1500px) 100vw, 1500px\" \/><\/figure><div class=\"elementor-image-box-content\"><p class=\"elementor-image-box-description\">Calibraci\u00f3n de instrumentos\nde campo, varianles: presi\u00f3n\ny temperatura.<\/p><\/div><\/div>\t\t<\/div>\n\t\t\t\t<\/div>\n\t\t\t\t<\/div>\n\t\t\t\t<\/div>\n\t\t\t\t\t<\/div>\n\t\t\t\t<\/div>\n\t\t\t\t<\/div>\n\t\t","protected":false},"excerpt":{"rendered":"<p>Services Nuestros Servicios Mantenimiento preventivo y correctivo a SDV Mediante un plan de mantenimiento preventivo, detectamos y corregimos las posibles fallas que se puedan presentar a una v\u00e1lvula SDV. Contamos con servicio a las diferentes plataformas ubicadas dentro de la Sonda de Campeche. Dise\u00f1o y construcci\u00f3n de tableros de control Dise\u00f1amos y fabricamos tableros de control de acuerdo a las necesidades del cliente, cumpliendo con las especificaciones indicadas en la NRF-204-2012. Cada tablero es probado y en su caso calibrado para garantizar su funcionamien- to antes de ser entregado al cliente. Maquinado de piezas met\u00e1licas Especializados en la transformaci\u00f3n met\u00e1lica, en el ensamble y montaje de todo tipo de piezas y conjuntos de componentes indsutriales. Una parte importante de la producci\u00f3n se realiza en Acero Inoxidable. Otros servicios Instalaciones el\u00e9ctricas industriales, instrumentaci\u00f3n y control, mantenimiento a subestaciones. Servicio de mantenimiento a actuadores neum\u00e1ticos e hidr\u00e1ulicos. Calibraci\u00f3n de instrumentos de campo, varianles: presi\u00f3n y temperatura.<\/p>\n","protected":false},"author":1,"featured_media":0,"parent":0,"menu_order":0,"comment_status":"closed","ping_status":"closed","template":"","meta":{"site-sidebar-layout":"no-sidebar","site-content-layout":"page-builder","ast-site-content-layout":"","site-content-style":"default","site-sidebar-style":"default","ast-global-header-display":"","ast-banner-title-visibility":"","ast-main-header-display":"","ast-hfb-above-header-display":"","ast-hfb-below-header-display":"","ast-hfb-mobile-header-display":"","site-post-title":"disabled","ast-breadcrumbs-content":"disabled","ast-featured-img":"disabled","footer-sml-layout":"","theme-transparent-header-meta":"enabled","adv-header-id-meta":"","stick-header-meta":"","header-above-stick-meta":"","header-main-stick-meta":"","header-below-stick-meta":"","astra-migrate-meta-layouts":"default","ast-page-background-enabled":"default","ast-page-background-meta":{"desktop":{"background-color":"","background-image":"","background-repeat":"repeat","background-position":"center center","background-size":"auto","background-attachment":"scroll","background-type":"","background-media":"","overlay-type":"","overlay-color":"","overlay-opacity":"","overlay-gradient":""},"tablet":{"background-color":"","background-image":"","background-repeat":"repeat","background-position":"center center","background-size":"auto","background-attachment":"scroll","background-type":"","background-media":"","overlay-type":"","overlay-color":"","overlay-opacity":"","overlay-gradient":""},"mobile":{"background-color":"","background-image":"","background-repeat":"repeat","background-position":"center center","background-size":"auto","background-attachment":"scroll","background-type":"","background-media":"","overlay-type":"","overlay-color":"","overlay-opacity":"","overlay-gradient":""}},"ast-content-background-meta":{"desktop":{"background-color":"var(--ast-global-color-5)","background-image":"","background-repeat":"repeat","background-position":"center center","background-size":"auto","background-attachment":"scroll","background-type":"","background-media":"","overlay-type":"","overlay-color":"","overlay-opacity":"","overlay-gradient":""},"tablet":{"background-color":"var(--ast-global-color-5)","background-image":"","background-repeat":"repeat","background-position":"center center","background-size":"auto","background-attachment":"scroll","background-type":"","background-media":"","overlay-type":"","overlay-color":"","overlay-opacity":"","overlay-gradient":""},"mobile":{"background-color":"var(--ast-global-color-5)","background-image":"","background-repeat":"repeat","background-position":"center center","background-size":"auto","background-attachment":"scroll","background-type":"","background-media":"","overlay-type":"","overlay-color":"","overlay-opacity":"","overlay-gradient":""}},"footnotes":""},"class_list":["post-939","page","type-page","status-publish","hentry"],"_links":{"self":[{"href":"https:\/\/pcsmx.com\/index.php?rest_route=\/wp\/v2\/pages\/939","targetHints":{"allow":["GET"]}}],"collection":[{"href":"https:\/\/pcsmx.com\/index.php?rest_route=\/wp\/v2\/pages"}],"about":[{"href":"https:\/\/pcsmx.com\/index.php?rest_route=\/wp\/v2\/types\/page"}],"author":[{"embeddable":true,"href":"https:\/\/pcsmx.com\/index.php?rest_route=\/wp\/v2\/users\/1"}],"replies":[{"embeddable":true,"href":"https:\/\/pcsmx.com\/index.php?rest_route=%2Fwp%2Fv2%2Fcomments&post=939"}],"version-history":[{"count":6,"href":"https:\/\/pcsmx.com\/index.php?rest_route=\/wp\/v2\/pages\/939\/revisions"}],"predecessor-version":[{"id":1652,"href":"https:\/\/pcsmx.com\/index.php?rest_route=\/wp\/v2\/pages\/939\/revisions\/1652"}],"wp:attachment":[{"href":"https:\/\/pcsmx.com\/index.php?rest_route=%2Fwp%2Fv2%2Fmedia&parent=939"}],"curies":[{"name":"wp","href":"https:\/\/api.w.org\/{rel}","templated":true}]}}